{"id":68,"date":"2009-10-01T22:32:28","date_gmt":"2009-10-01T22:32:28","guid":{"rendered":"http:\/\/amaruq-chimo.com\/?page_id=68"},"modified":"2018-11-10T12:39:42","modified_gmt":"2018-11-10T11:39:42","slug":"saba-karma-dzsimpas-do-khyi-chen-po-szuka","status":"publish","type":"page","link":"https:\/\/ger.amaruq-chimo.eu\/?page_id=68","title":{"rendered":"S\u00c1BA (KARMA DZSIMPA&#8217;S DO-KHYI CHEN-PO) &quot;H\u00fcndinnen&quot;"},"content":{"rendered":"<table style=\"text-align: center;\" border=\"0\" width=\"100%\">\n<tbody>\n<tr>\n<td style=\"text-align: center;\">\n<h2 style=\"font-size: 1.5em; text-align: center;\"><span style=\"color: #800000;\"><strong><img loading=\"lazy\" decoding=\"async\" class=\"aligncenter size-full wp-image-872\" src=\"https:\/\/hun.amaruq-chimo.eu\/wp-content\/\/pedigele.gif\" alt=\"\" width=\"68\" height=\"97\"><a href=\"http:\/\/ger.amaruq-chimo.eu\/wp-content\/\/S\u00e1ba-t\u00f6rzsk\u00f6nyv-1024x744.jpg\"><strong><span style=\"color: #000000;\">Pedigree<\/span><\/strong><\/a><\/strong><\/span><\/h2>\n<\/td>\n<td>\n<h2 style=\"font-size: 1.5em;\"><span style=\"color: #800000;\"><strong><img loading=\"lazy\" decoding=\"async\" class=\"aligncenter size-full wp-image-872\" style=\"display: block; margin-left: auto; margin-right: auto; border: 0px initial initial;\" src=\"https:\/\/hun.amaruq-chimo.eu\/wp-content\/\/serleg.gif\" alt=\"pedigele\" width=\"80\" height=\"100\"><span style=\"color: #000000;\"><a href=\"http:\/\/ger.amaruq-chimo.eu\/?page_id=22#saba\" target=\"_blank\" rel=\"noopener noreferrer\"><span style=\"color: #000000;\">Ergebnisse<\/span><\/a><\/span><\/strong><\/span><\/h2>\n<\/td>\n<\/tr>\n<\/tbody>\n<\/table>\n<h2><span style=\"color: #000000;\">Geburtsdatum: 2008.01.04.<\/span><\/h2>\n<h2><span style=\"color: #000000;\">Gestorben: 2017.05.30.&nbsp;<img loading=\"lazy\" decoding=\"async\" class=\"alignnone size-full wp-image-3178\" src=\"https:\/\/ger.amaruq-chimo.eu\/wp-content\/\/799095.gif\" alt=\"\" width=\"50\" height=\"60\"><\/span><\/h2>\n<h2><span style=\"color: #000000;\">Gr\u00f6\u00dfe: 67 cm<\/span><\/h2>\n<h2><span style=\"color: #000000;\">Gewicht: 48 kg<\/span><\/h2>\n<p><img loading=\"lazy\" decoding=\"async\" class=\"aligncenter  wp-image-393\" src=\"https:\/\/ger.amaruq-chimo.eu\/wp-content\/\/b-lany.jpg\" alt=\"\" width=\"411\" height=\"309\" srcset=\"https:\/\/ger.amaruq-chimo.eu\/wp-content\/b-lany.jpg 640w, https:\/\/ger.amaruq-chimo.eu\/wp-content\/b-lany-300x225.jpg 300w\" sizes=\"auto, (max-width: 411px) 100vw, 411px\" \/><\/p>\n<p><span style=\"color: #000000;\"><br \/>\n<\/span><\/p>\nngg_shortcode_0_placeholder\n<h2><span style=\"color: #000000;\"><br \/>\n<\/span><\/h2>\n","protected":false},"excerpt":{"rendered":"<p>Pedigree Ergebnisse Geburtsdatum: 2008.01.04. Gestorben: 2017.05.30.&nbsp; Gr\u00f6\u00dfe: 67 cm Gewicht: 48 kg<\/p>\n","protected":false},"author":2,"featured_media":0,"parent":6,"menu_order":0,"comment_status":"open","ping_status":"open","template":"","meta":{"ngg_post_thumbnail":0,"footnotes":""},"class_list":["post-68","page","type-page","status-publish","hentry"],"_links":{"self":[{"href":"https:\/\/ger.amaruq-chimo.eu\/index.php?rest_route=\/wp\/v2\/pages\/68","targetHints":{"allow":["GET"]}}],"collection":[{"href":"https:\/\/ger.amaruq-chimo.eu\/index.php?rest_route=\/wp\/v2\/pages"}],"about":[{"href":"https:\/\/ger.amaruq-chimo.eu\/index.php?rest_route=\/wp\/v2\/types\/page"}],"author":[{"embeddable":true,"href":"https:\/\/ger.amaruq-chimo.eu\/index.php?rest_route=\/wp\/v2\/users\/2"}],"replies":[{"embeddable":true,"href":"https:\/\/ger.amaruq-chimo.eu\/index.php?rest_route=%2Fwp%2Fv2%2Fcomments&post=68"}],"version-history":[{"count":16,"href":"https:\/\/ger.amaruq-chimo.eu\/index.php?rest_route=\/wp\/v2\/pages\/68\/revisions"}],"predecessor-version":[{"id":3180,"href":"https:\/\/ger.amaruq-chimo.eu\/index.php?rest_route=\/wp\/v2\/pages\/68\/revisions\/3180"}],"up":[{"embeddable":true,"href":"https:\/\/ger.amaruq-chimo.eu\/index.php?rest_route=\/wp\/v2\/pages\/6"}],"wp:attachment":[{"href":"https:\/\/ger.amaruq-chimo.eu\/index.php?rest_route=%2Fwp%2Fv2%2Fmedia&parent=68"}],"curies":[{"name":"wp","href":"https:\/\/api.w.org\/{rel}","templated":true}]}}