{"id":5,"date":"2009-06-22T10:48:52","date_gmt":"2009-06-22T10:48:52","guid":{"rendered":"http:\/\/amaruq-chimo.com\/?page_id=3"},"modified":"2010-07-10T04:57:17","modified_gmt":"2010-07-10T03:57:17","slug":"a-fajta","status":"publish","type":"page","link":"https:\/\/ger.amaruq-chimo.eu\/?page_id=5","title":{"rendered":"Art von Geschichte"},"content":{"rendered":"<p style=\"text-align: justify;\"><img loading=\"lazy\" decoding=\"async\" class=\"alignleft size-thumbnail wp-image-282\" title=\"20081228164413\" src=\"https:\/\/hun.amaruq-chimo.eu\/wp-content\/20081228164413-150x150.jpg\" alt=\"20081228164413\" width=\"150\" height=\"150\" \/>Alle tibetischen Kloster hatte seinen eigenen Posten Hund.\u00a0 Der Do-Khyi Temperament ist eine der attraktivsten Funktion. Vertrauen Sie nicht fremd. Non-wilde Kreatur, sondern vertreibt auch bevorzugt f\u00fcr jederman. Do-Khyi Arten von Menschen-zentriert, sondern in allen Bereichen, und Herren, gegen einen Fremden zu verteidigen. Das Wichtigste Sache, di Gr\u00f6\u00dfe und Str\u00e4rke des Do-Khyi. Dies ist nicht eine d\u00fcnne, zarte Typen. Knochenmasse und sollte gut sein. Garde muss voll entwickelt und vollst\u00e4ndig. Der Sch\u00e4del und Unterkiefer Breite. Ohr is wichtig, die richtigen proportionen der Kopf zu bewahren. Die Ohrensollten nicht zu niedrige Einstellung, und wenn der Hund aufmerksam die Ohren zu steigen, so dass der Sch\u00e4del eine gerade Linie bilden. Der Hals ist kr\u00e4ftig und gut gew\u00f6lbt. Der vordere Teil kr\u00e4ftig und muskul\u00f6s, gerade die Beine. Der Stamm stark und etwas l\u00e4nger als die H\u00f6he, die Brust tief, ziemlich gut gew\u00f6lbten Rippen. Hinteren Teil eines kr\u00e4ftig, muskul\u00f6s, gut gewinkelt. Der Do-Khyi ist recht gro\u00df, verf\u00fcgt \u00fcber fundierte Katzenhaare zwischen den Fingern der Schnee bedeckt ist. Der Schwanz ist dichtes Haar (mit Ausnahme der Zeit der Mauser), wenn der Hund aufmerksam ist oder f\u00e4hrt, erfolgt auf der R\u00fcckseite. Ziegerichtete, raumgreifenden Bewegung passieren. Schnell, einfach zu bewegen, spielt di Gr\u00f6\u00dfe nicht zu verhindern, insbesondere, werden flink.<\/p>\n<p style=\"text-align: justify;\">Ready ver\u00f6ffentlicht ein K\u00fcnstler!<\/p>\n<p style=\"text-align: justify;\">Das Fell ist relativ lang, dick, kr\u00e4ftig, gerade Haare. Der Hals und Schultern, dichtes Haar wie eine M\u00e4hne. Urspr\u00fcnglich war der Kampf gegen die R\u00e4uber, zum Schutz.<img loading=\"lazy\" decoding=\"async\" class=\"alignleft size-thumbnail wp-image-283\" title=\"12397817985585_mini\" src=\"https:\/\/hun.amaruq-chimo.eu\/wp-content\/12397817985585_mini-150x150.jpg\" alt=\"12397817985585_mini\" width=\"150\" height=\"150\" \/>Eine Vielzahl von Farben sind erlaubt: Schwarz, Schwarz und braun, Gold und verschiedene Schattierungen von grau zu Gold-Tickets. Wei\u00dfer Fleck auf der Brust zu den F\u00fc\u00dfen und die minimale wei\u00df erlaubt.<\/p>\n","protected":false},"excerpt":{"rendered":"<p>Alle tibetischen Kloster hatte seinen eigenen Posten Hund.\u00a0 Der Do-Khyi Temperament ist eine der attraktivsten Funktion. Vertrauen Sie nicht fremd. Non-wilde Kreatur, sondern vertreibt auch bevorzugt f\u00fcr jederman. Do-Khyi Arten von Menschen-zentriert, sondern in allen Bereichen, und Herren, gegen einen Fremden zu verteidigen. Das Wichtigste Sache, di Gr\u00f6\u00dfe und Str\u00e4rke des Do-Khyi. Dies ist nicht [&hellip;]<\/p>\n","protected":false},"author":2,"featured_media":0,"parent":30,"menu_order":0,"comment_status":"open","ping_status":"open","template":"","meta":{"ngg_post_thumbnail":0,"footnotes":""},"class_list":["post-5","page","type-page","status-publish","hentry"],"_links":{"self":[{"href":"https:\/\/ger.amaruq-chimo.eu\/index.php?rest_route=\/wp\/v2\/pages\/5","targetHints":{"allow":["GET"]}}],"collection":[{"href":"https:\/\/ger.amaruq-chimo.eu\/index.php?rest_route=\/wp\/v2\/pages"}],"about":[{"href":"https:\/\/ger.amaruq-chimo.eu\/index.php?rest_route=\/wp\/v2\/types\/page"}],"author":[{"embeddable":true,"href":"https:\/\/ger.amaruq-chimo.eu\/index.php?rest_route=\/wp\/v2\/users\/2"}],"replies":[{"embeddable":true,"href":"https:\/\/ger.amaruq-chimo.eu\/index.php?rest_route=%2Fwp%2Fv2%2Fcomments&post=5"}],"version-history":[{"count":6,"href":"https:\/\/ger.amaruq-chimo.eu\/index.php?rest_route=\/wp\/v2\/pages\/5\/revisions"}],"predecessor-version":[{"id":637,"href":"https:\/\/ger.amaruq-chimo.eu\/index.php?rest_route=\/wp\/v2\/pages\/5\/revisions\/637"}],"up":[{"embeddable":true,"href":"https:\/\/ger.amaruq-chimo.eu\/index.php?rest_route=\/wp\/v2\/pages\/30"}],"wp:attachment":[{"href":"https:\/\/ger.amaruq-chimo.eu\/index.php?rest_route=%2Fwp%2Fv2%2Fmedia&parent=5"}],"curies":[{"name":"wp","href":"https:\/\/api.w.org\/{rel}","templated":true}]}}