{"id":3283,"date":"2019-03-26T21:33:11","date_gmt":"2019-03-26T20:33:11","guid":{"rendered":"http:\/\/ger.amaruq-chimo.eu\/?page_id=3283"},"modified":"2025-05-10T18:25:09","modified_gmt":"2025-05-10T17:25:09","slug":"3283-2","status":"publish","type":"page","link":"https:\/\/ger.amaruq-chimo.eu\/?page_id=3283","title":{"rendered":""},"content":{"rendered":"<table style=\"text-align: center;\" border=\"0\" width=\"100%\">\n<tbody>\n<tr>\n<td style=\"text-align: center;\">\n<h2 style=\"font-size: 1.5em; text-align: center;\"><span style=\"color: #800000;\"><strong><img loading=\"lazy\" decoding=\"async\" class=\"aligncenter size-full wp-image-872\" src=\"https:\/\/hun.amaruq-chimo.eu\/wp-content\/\/pedigele.gif\" alt=\"\" width=\"68\" height=\"97\"><a href=\"https:\/\/hun.amaruq-chimo.eu\/wp-content\/\/op\u00e1l-t\u00f6rzsk\u00f6nyv-002.jpg\"><span style=\"color: #000000;\">Pedigree<\/span><\/a><\/strong><\/span><\/h2>\n<\/td>\n<td>\n<h2 style=\"font-size: 1.5em;\"><span style=\"color: #800000;\"><strong><a href=\"http:\/\/ger.amaruq-chimo.eu\/?page_id=22#opal\"><img loading=\"lazy\" decoding=\"async\" class=\"aligncenter size-full wp-image-872\" style=\"display: block; margin-left: auto; margin-right: auto; border: 0px initial initial;\" src=\"https:\/\/hun.amaruq-chimo.eu\/wp-content\/\/serleg.gif\" alt=\"pedigele\" width=\"80\" height=\"100\"><span style=\"color: #000000;\">Ergebnisse<\/span><\/a><\/strong><\/span><\/h2>\n<\/td>\n<\/tr>\n<\/tbody>\n<\/table>\n<h2><span style=\"color: #000000;\">Geburtsdatum: 2018.10.31.<img loading=\"lazy\" decoding=\"async\" class=\"alignnone size-full wp-image-3178\" src=\"https:\/\/ger.amaruq-chimo.eu\/wp-content\/\/799095-e1541849782688.gif\" alt=\"\" width=\"50\" height=\"60\"><\/span><\/h2>\n<h2><span style=\"color: #000000;\">Gr\u00f6\u00dfe: 70 cm<\/span><\/h2>\n<h2><span style=\"color: #000000;\">Gewicht: 55 kg<\/span><\/h2>\n<p><img loading=\"lazy\" decoding=\"async\" class=\"aligncenter wp-image-4179\" src=\"https:\/\/ger.amaruq-chimo.eu\/wp-content\/\/55.jpg\" alt=\"\" width=\"396\" height=\"574\" srcset=\"https:\/\/ger.amaruq-chimo.eu\/wp-content\/55.jpg 581w, https:\/\/ger.amaruq-chimo.eu\/wp-content\/55-207x300.jpg 207w\" sizes=\"auto, (max-width: 396px) 100vw, 396px\" \/><\/p>\n<p style=\"text-align: center;\"><span style=\"color: #000000;\"><br \/>\n<\/span><\/p>\n<p style=\"text-align: center;\"><span style=\"color: #000000;\"><br \/>\n<\/span><\/p>\nngg_shortcode_0_placeholder\n<h2><span style=\"color: #000000;\"><br \/>\n<\/span><\/h2>\n","protected":false},"excerpt":{"rendered":"<p>Pedigree Ergebnisse Geburtsdatum: 2018.10.31. Gr\u00f6\u00dfe: 70 cm Gewicht: 55 kg<\/p>\n","protected":false},"author":2,"featured_media":0,"parent":0,"menu_order":0,"comment_status":"closed","ping_status":"closed","template":"","meta":{"ngg_post_thumbnail":0,"footnotes":""},"class_list":["post-3283","page","type-page","status-publish","hentry"],"_links":{"self":[{"href":"https:\/\/ger.amaruq-chimo.eu\/index.php?rest_route=\/wp\/v2\/pages\/3283","targetHints":{"allow":["GET"]}}],"collection":[{"href":"https:\/\/ger.amaruq-chimo.eu\/index.php?rest_route=\/wp\/v2\/pages"}],"about":[{"href":"https:\/\/ger.amaruq-chimo.eu\/index.php?rest_route=\/wp\/v2\/types\/page"}],"author":[{"embeddable":true,"href":"https:\/\/ger.amaruq-chimo.eu\/index.php?rest_route=\/wp\/v2\/users\/2"}],"replies":[{"embeddable":true,"href":"https:\/\/ger.amaruq-chimo.eu\/index.php?rest_route=%2Fwp%2Fv2%2Fcomments&post=3283"}],"version-history":[{"count":8,"href":"https:\/\/ger.amaruq-chimo.eu\/index.php?rest_route=\/wp\/v2\/pages\/3283\/revisions"}],"predecessor-version":[{"id":6672,"href":"https:\/\/ger.amaruq-chimo.eu\/index.php?rest_route=\/wp\/v2\/pages\/3283\/revisions\/6672"}],"wp:attachment":[{"href":"https:\/\/ger.amaruq-chimo.eu\/index.php?rest_route=%2Fwp%2Fv2%2Fmedia&parent=3283"}],"curies":[{"name":"wp","href":"https:\/\/api.w.org\/{rel}","templated":true}]}}