{"id":32,"date":"2009-10-01T22:12:59","date_gmt":"2009-10-01T22:12:59","guid":{"rendered":"http:\/\/amaruq-chimo.com\/?page_id=32"},"modified":"2010-07-10T04:56:49","modified_gmt":"2010-07-10T03:56:49","slug":"a-tibeti-masztif-bemutatasa","status":"publish","type":"page","link":"https:\/\/ger.amaruq-chimo.eu\/?page_id=32","title":{"rendered":"Do-Khyi Profil"},"content":{"rendered":"<p><span style=\"text-decoration: underline;\"><strong><img loading=\"lazy\" decoding=\"async\" class=\"alignright size-thumbnail wp-image-278\" title=\"12408901601560_mid\" src=\"https:\/\/hun.amaruq-chimo.eu\/wp-content\/12408901601560_mid-150x150.jpg\" alt=\"12408901601560_mid\" width=\"150\" height=\"150\" \/>Charakter:<\/strong><\/span><br \/>\nDer Do-Khyi ruhig, gediegen, ausgeglichenen Hund, der Stolz ausstrahlt. Obwohl die Familie ist sehr treu und ergeben, die Art der vorliegenden Merkmale und die Unabh\u00e4ngigkeit Einheiten vorhanden sind.\u00a0 Sehr empfindlich und werden gerne in der N\u00e4he von Familie. In seinem Gebiet ist sehr zuversichtlich. Eine nat\u00fcrliche Sache, die Heim und Familie zu halten &#8211; sollte diese Zusammenarbeit nicht gef\u00f6rdert. Bellt nicht viel, aber wenn bedroht, und seine Stimme Steckdose. Das Haus in der Regel verhalten sich friedlich, aber in der frischen Luft &#8211; manchmal &#8211; ist \u00fcberraschend agil. Wappen zu allen Zeiten einen angemessenen Schutz. K\u00f6rperlich und geistig zu langsam weniger als ein Hund. Dieser Hund liebt seine Familie und sehr loyal. Alle anderen Haustieren als seine eigenen, und es auch behandelt. H\u00e4tten Sie die richtige Sozialisation, wahrscheinlich nicht um ein Problem bei Katzenund andere Kleintiere nicht. Die Kinder sind sehr tolerant, geduldig und vorsichtig. Lassen Sie keine Fremden in, bis der Kapit\u00e4n an, dass er vertrauen kann. Das Weingut auch nicht machen territoriale Verhalten,aber die anderen nicht trauen Fremden. Manchmal-vor allem, wenn m\u00e4nnlich-, dass die dominanten Verhalten gegen\u00fcber anderen Hunden. Selten einzuleiten k\u00e4mpft, aber nicht auf die anderen provoziert den Kampf durch den Anblick.<\/p>\n<p><span style=\"text-decoration: underline;\"><strong><img loading=\"lazy\" decoding=\"async\" class=\"alignright size-thumbnail wp-image-285\" title=\"a41503\" src=\"https:\/\/hun.amaruq-chimo.eu\/wp-content\/a41503-150x150.jpg\" alt=\"a41503\" width=\"150\" height=\"150\" \/><!--more-->Gr\u00f6\u00dfe:<br \/>\n<\/strong><\/span><\/p>\n<p>H\u00f6he: M\u00e4nner: weniger als 65cm, Weibchen mit mindestens 61 cm<\/p>\n<p>Gewicht: m\u00e4nnlich: 50-60 kg, Frauen: ein wenig leichter.<\/p>\n<p>Hinweis: Der Do-Khyi\u00a0 ist eine konsequente und gerechte Bildung muss- dies ist m\u00f6glich, da die entspannte Art des Landwirts, der nicht in der Lage war, den Hund urspr\u00fcngliche Absicht abzubringen, und eine nat\u00fcrliche stehen. Das strenge, auch anspruchsvolle Forbildung ist wenig wert, oder sogar verschlechtern, wird das\u00a0 Verhalten des Staates. Wenn jedoch, wird es gut sein, zu lehren, einfach, die neue Befehle zu lernen, und gehorsam zu sein. Dies ist ein ausgezeichnetes Familie Hund, der Hund, aber ein gro\u00dfer Raum in der Wohnung und au\u00dferhalb ben\u00f6tigt. Nat\u00fcrliche Aufgabe im Haushalt und zum Schutz der Familie. Der unabh\u00e4ngige Charakter der Hund ist nicht besonders geeignet f\u00fcr den Sport. Die Test werden nicht gern Gehorsam, sondern die Ausbildung von mehr stur. Die Weibchen in der Regel nur einmal im Jahr zu schie\u00dfen.<\/p>\n","protected":false},"excerpt":{"rendered":"<p>Charakter: Der Do-Khyi ruhig, gediegen, ausgeglichenen Hund, der Stolz ausstrahlt. Obwohl die Familie ist sehr treu und ergeben, die Art der vorliegenden Merkmale und die Unabh\u00e4ngigkeit Einheiten vorhanden sind.\u00a0 Sehr empfindlich und werden gerne in der N\u00e4he von Familie. In seinem Gebiet ist sehr zuversichtlich. Eine nat\u00fcrliche Sache, die Heim und Familie zu halten &#8211; [&hellip;]<\/p>\n","protected":false},"author":2,"featured_media":0,"parent":30,"menu_order":0,"comment_status":"open","ping_status":"open","template":"","meta":{"ngg_post_thumbnail":0,"footnotes":""},"class_list":["post-32","page","type-page","status-publish","hentry"],"_links":{"self":[{"href":"https:\/\/ger.amaruq-chimo.eu\/index.php?rest_route=\/wp\/v2\/pages\/32","targetHints":{"allow":["GET"]}}],"collection":[{"href":"https:\/\/ger.amaruq-chimo.eu\/index.php?rest_route=\/wp\/v2\/pages"}],"about":[{"href":"https:\/\/ger.amaruq-chimo.eu\/index.php?rest_route=\/wp\/v2\/types\/page"}],"author":[{"embeddable":true,"href":"https:\/\/ger.amaruq-chimo.eu\/index.php?rest_route=\/wp\/v2\/users\/2"}],"replies":[{"embeddable":true,"href":"https:\/\/ger.amaruq-chimo.eu\/index.php?rest_route=%2Fwp%2Fv2%2Fcomments&post=32"}],"version-history":[{"count":8,"href":"https:\/\/ger.amaruq-chimo.eu\/index.php?rest_route=\/wp\/v2\/pages\/32\/revisions"}],"predecessor-version":[{"id":636,"href":"https:\/\/ger.amaruq-chimo.eu\/index.php?rest_route=\/wp\/v2\/pages\/32\/revisions\/636"}],"up":[{"embeddable":true,"href":"https:\/\/ger.amaruq-chimo.eu\/index.php?rest_route=\/wp\/v2\/pages\/30"}],"wp:attachment":[{"href":"https:\/\/ger.amaruq-chimo.eu\/index.php?rest_route=%2Fwp%2Fv2%2Fmedia&parent=32"}],"curies":[{"name":"wp","href":"https:\/\/api.w.org\/{rel}","templated":true}]}}