{"id":3176,"date":"2018-11-07T21:35:27","date_gmt":"2018-11-07T20:35:27","guid":{"rendered":"http:\/\/ger.amaruq-chimo.eu\/?page_id=3176"},"modified":"2025-05-10T18:24:20","modified_gmt":"2025-05-10T17:24:20","slug":"3176-2","status":"publish","type":"page","link":"https:\/\/ger.amaruq-chimo.eu\/?page_id=3176","title":{"rendered":""},"content":{"rendered":"<h1 style=\"text-align: left;\">&nbsp;<\/h1>\n<p><img loading=\"lazy\" decoding=\"async\" class=\"alignright wp-image-3182\" src=\"https:\/\/ger.amaruq-chimo.eu\/wp-content\/\/741021.gif\" alt=\"\" width=\"110\" height=\"110\"><img loading=\"lazy\" decoding=\"async\" class=\"alignleft wp-image-3182\" src=\"https:\/\/ger.amaruq-chimo.eu\/wp-content\/\/741021.gif\" alt=\"\" width=\"110\" height=\"110\"><\/p>\n<p>&nbsp;<\/p>\n<h1 style=\"text-align: center;\"><span style=\"color: #000000;\">IN MEMORIAM<\/span><\/h1>\n<p>&nbsp;<\/p>\n<h2 style=\"text-align: center;\"><span style=\"color: #000000;\">AMARUQ-CHIMO DHEBABRATA<\/span><\/h2>\n<h2 style=\"text-align: center;\"><span style=\"color: #000000;\">&#8222;SHAOLIN&#8221;<\/span><\/h2>\n<p><img loading=\"lazy\" decoding=\"async\" class=\"aligncenter  wp-image-6670\" src=\"https:\/\/ger.amaruq-chimo.eu\/wp-content\/\/kll.jpg\" alt=\"\" width=\"506\" height=\"337\" srcset=\"https:\/\/ger.amaruq-chimo.eu\/wp-content\/kll.jpg 900w, https:\/\/ger.amaruq-chimo.eu\/wp-content\/kll-300x200.jpg 300w, https:\/\/ger.amaruq-chimo.eu\/wp-content\/kll-768x512.jpg 768w\" sizes=\"auto, (max-width: 506px) 100vw, 506px\" \/><\/p>\n<p>&nbsp;<\/p>\n<h2 style=\"text-align: center;\"><span style=\"color: #000000;\">AMARUQ-CHIMO OP\u00c1L<\/span><\/h2>\n<h2 style=\"text-align: center;\"><span style=\"color: #000000;\">&#8222;OP\u00c1L&#8221;<\/span><\/h2>\n<p><img loading=\"lazy\" decoding=\"async\" class=\"aligncenter  wp-image-6669\" src=\"https:\/\/ger.amaruq-chimo.eu\/wp-content\/\/oo.jpg\" alt=\"\" width=\"506\" height=\"337\" srcset=\"https:\/\/ger.amaruq-chimo.eu\/wp-content\/oo.jpg 900w, https:\/\/ger.amaruq-chimo.eu\/wp-content\/oo-300x200.jpg 300w, https:\/\/ger.amaruq-chimo.eu\/wp-content\/oo-768x512.jpg 768w\" sizes=\"auto, (max-width: 506px) 100vw, 506px\" \/><\/p>\n<p>&nbsp;<\/p>\n<h2 style=\"text-align: center;\"><span style=\"color: #000000;\">AMARUQ-CHIMO BHASUNDARA<\/span><\/h2>\n<h2 style=\"text-align: center;\"><span style=\"color: #000000;\">&#8222;RAMSES&#8221;<\/span><\/h2>\n<p><img loading=\"lazy\" decoding=\"async\" class=\"aligncenter wp-image-5709\" src=\"https:\/\/ger.amaruq-chimo.eu\/wp-content\/\/ramses-ut.jpg\" alt=\"\" width=\"351\" height=\"527\" srcset=\"https:\/\/ger.amaruq-chimo.eu\/wp-content\/ramses-ut.jpg 600w, https:\/\/ger.amaruq-chimo.eu\/wp-content\/ramses-ut-200x300.jpg 200w\" sizes=\"auto, (max-width: 351px) 100vw, 351px\" \/><\/p>\n<h2 style=\"text-align: center;\"><span style=\"color: #000000;\">AMARUQ-CHIMO BOGATYRI<\/span><\/h2>\n<h2 style=\"text-align: center;\"><span style=\"color: #000000;\">&#8222;\u00cdZIS&#8221;<\/span><\/h2>\n<p><img loading=\"lazy\" decoding=\"async\" class=\"aligncenter wp-image-5708\" src=\"https:\/\/ger.amaruq-chimo.eu\/wp-content\/\/izis.jpg\" alt=\"\" width=\"396\" height=\"397\" srcset=\"https:\/\/ger.amaruq-chimo.eu\/wp-content\/izis.jpg 700w, https:\/\/ger.amaruq-chimo.eu\/wp-content\/izis-150x150.jpg 150w, https:\/\/ger.amaruq-chimo.eu\/wp-content\/izis-300x300.jpg 300w\" sizes=\"auto, (max-width: 396px) 100vw, 396px\" \/><\/p>\n<h2 style=\"text-align: center;\">&nbsp;<\/h2>\n<h2 style=\"text-align: center;\"><span style=\"color: #000000;\">LAGO-KHY-DO-KHY DGE-SZJOD<\/span><\/h2>\n<h2 style=\"text-align: center;\"><span style=\"color: #000000;\">&#8222;SH\u00cdVA&#8221;<\/span><\/h2>\n<p><img loading=\"lazy\" decoding=\"async\" class=\"aligncenter wp-image-3960\" src=\"https:\/\/ger.amaruq-chimo.eu\/wp-content\/\/shiva.jpg\" alt=\"\" width=\"498\" height=\"333\" srcset=\"https:\/\/ger.amaruq-chimo.eu\/wp-content\/shiva.jpg 900w, https:\/\/ger.amaruq-chimo.eu\/wp-content\/shiva-300x200.jpg 300w, https:\/\/ger.amaruq-chimo.eu\/wp-content\/shiva-768x512.jpg 768w\" sizes=\"auto, (max-width: 498px) 100vw, 498px\" \/><\/p>\n<h2 style=\"text-align: center;\">&nbsp;<\/h2>\n<h2 style=\"text-align: center;\"><span style=\"color: #000000;\">KARMA DZSIMPA&#8217;S DO-KHYI MANDALA<\/span><\/h2>\n<h2 style=\"text-align: center;\"><span style=\"color: #000000;\">&#8222;MANDALA&#8221;<\/span><\/h2>\n<p><img loading=\"lazy\" decoding=\"async\" class=\"aligncenter wp-image-3910\" src=\"https:\/\/ger.amaruq-chimo.eu\/wp-content\/\/mandalah.jpg\" alt=\"\" width=\"491\" height=\"328\" srcset=\"https:\/\/ger.amaruq-chimo.eu\/wp-content\/mandalah.jpg 900w, https:\/\/ger.amaruq-chimo.eu\/wp-content\/mandalah-300x200.jpg 300w, https:\/\/ger.amaruq-chimo.eu\/wp-content\/mandalah-768x512.jpg 768w\" sizes=\"auto, (max-width: 491px) 100vw, 491px\" \/><\/p>\n<h2 style=\"text-align: center;\">&nbsp;<\/h2>\n<h2 style=\"text-align: center;\"><span style=\"color: #000000;\">KARMA DZSIMPA&#8217;S DO-KHYI DHARMA<\/span><\/h2>\n<h2 style=\"text-align: center;\"><span style=\"color: #000000;\">&#8222;DHARMA&#8221;<\/span><\/h2>\n<p><img loading=\"lazy\" decoding=\"async\" class=\"aligncenter wp-image-3901\" src=\"https:\/\/ger.amaruq-chimo.eu\/wp-content\/\/dharma.png\" alt=\"\" width=\"500\" height=\"334\" srcset=\"https:\/\/ger.amaruq-chimo.eu\/wp-content\/dharma.png 900w, https:\/\/ger.amaruq-chimo.eu\/wp-content\/dharma-300x200.png 300w, https:\/\/ger.amaruq-chimo.eu\/wp-content\/dharma-768x512.png 768w\" sizes=\"auto, (max-width: 500px) 100vw, 500px\" \/><\/p>\n<h2 style=\"text-align: center;\">&nbsp;<\/h2>\n<h2 style=\"text-align: center;\"><span style=\"color: #000000;\">AMARUQ-CHIMO NANDRA <\/span><\/h2>\n<h2 style=\"text-align: center;\"><span style=\"color: #000000;\">&#8222;ELZA&#8221;<\/span><\/h2>\n<p style=\"text-align: center;\"><img loading=\"lazy\" decoding=\"async\" class=\"aligncenter wp-image-3673\" src=\"https:\/\/ger.amaruq-chimo.eu\/wp-content\/\/gyasz_elza.png\" alt=\"\" width=\"512\" height=\"342\" srcset=\"https:\/\/ger.amaruq-chimo.eu\/wp-content\/gyasz_elza.png 900w, https:\/\/ger.amaruq-chimo.eu\/wp-content\/gyasz_elza-300x200.png 300w, https:\/\/ger.amaruq-chimo.eu\/wp-content\/gyasz_elza-768x512.png 768w\" sizes=\"auto, (max-width: 512px) 100vw, 512px\" \/><\/p>\n<h2 style=\"text-align: center;\">&nbsp;<\/h2>\n<h2 style=\"text-align: center;\"><span style=\"color: #000000;\">ASRAMA CHENG-SHI <\/span><\/h2>\n<h2 style=\"text-align: center;\"><span style=\"color: #000000;\">&#8222;BUDDHA&#8221;<\/span><\/h2>\n<p><img loading=\"lazy\" decoding=\"async\" class=\"aligncenter size-full wp-image-3188\" src=\"https:\/\/ger.amaruq-chimo.eu\/wp-content\/\/BUDDHA-e1541850896610.png\" alt=\"\" width=\"400\" height=\"600\"><\/p>\n<p>&nbsp;<\/p>\n<h2 style=\"text-align: center;\"><span style=\"color: #000000;\">KARMA DZSIMPA&#8217;S DO-KHYI CHEN-PO <\/span><\/h2>\n<h2 style=\"text-align: center;\"><span style=\"color: #000000;\">&#8222;S\u00c1BA&#8221;<\/span><\/h2>\n<p><img loading=\"lazy\" decoding=\"async\" class=\"aligncenter size-full wp-image-3189\" src=\"https:\/\/ger.amaruq-chimo.eu\/wp-content\/\/S\u00c1BA-e1541851038762.png\" alt=\"\" width=\"400\" height=\"600\"><\/p>\n<p>&nbsp;<\/p>\n<h2 style=\"text-align: center;\"><span style=\"color: #000000;\">AMARUQ-CHIMO EKAVALI <\/span><\/h2>\n<h2 style=\"text-align: center;\"><span style=\"color: #000000;\">&#8222;TARA&#8221;<\/span><\/h2>\n<p><img loading=\"lazy\" decoding=\"async\" class=\"aligncenter wp-image-3190\" src=\"https:\/\/ger.amaruq-chimo.eu\/wp-content\/\/TARA.png\" alt=\"\" width=\"499\" height=\"333\" srcset=\"https:\/\/ger.amaruq-chimo.eu\/wp-content\/TARA.png 900w, https:\/\/ger.amaruq-chimo.eu\/wp-content\/TARA-300x200.png 300w, https:\/\/ger.amaruq-chimo.eu\/wp-content\/TARA-768x512.png 768w\" sizes=\"auto, (max-width: 499px) 100vw, 499px\" \/><\/p>\n<p>&nbsp;<\/p>\n<p>&nbsp;<\/p>\nngg_shortcode_0_placeholder\n","protected":false},"excerpt":{"rendered":"<p>&nbsp; &nbsp; IN MEMORIAM &nbsp; AMARUQ-CHIMO DHEBABRATA &#8222;SHAOLIN&#8221; &nbsp; AMARUQ-CHIMO OP\u00c1L &#8222;OP\u00c1L&#8221; &nbsp; AMARUQ-CHIMO BHASUNDARA &#8222;RAMSES&#8221; AMARUQ-CHIMO BOGATYRI &#8222;\u00cdZIS&#8221; &nbsp; LAGO-KHY-DO-KHY DGE-SZJOD &#8222;SH\u00cdVA&#8221; &nbsp; KARMA DZSIMPA&#8217;S DO-KHYI MANDALA &#8222;MANDALA&#8221; &nbsp; KARMA DZSIMPA&#8217;S DO-KHYI DHARMA &#8222;DHARMA&#8221; &nbsp; AMARUQ-CHIMO NANDRA &#8222;ELZA&#8221; &nbsp; ASRAMA CHENG-SHI &#8222;BUDDHA&#8221; &nbsp; KARMA DZSIMPA&#8217;S DO-KHYI CHEN-PO &#8222;S\u00c1BA&#8221; &nbsp; AMARUQ-CHIMO EKAVALI &#8222;TARA&#8221; &nbsp; &nbsp;<\/p>\n","protected":false},"author":2,"featured_media":0,"parent":0,"menu_order":0,"comment_status":"closed","ping_status":"closed","template":"","meta":{"ngg_post_thumbnail":0,"footnotes":""},"class_list":["post-3176","page","type-page","status-publish","hentry"],"_links":{"self":[{"href":"https:\/\/ger.amaruq-chimo.eu\/index.php?rest_route=\/wp\/v2\/pages\/3176","targetHints":{"allow":["GET"]}}],"collection":[{"href":"https:\/\/ger.amaruq-chimo.eu\/index.php?rest_route=\/wp\/v2\/pages"}],"about":[{"href":"https:\/\/ger.amaruq-chimo.eu\/index.php?rest_route=\/wp\/v2\/types\/page"}],"author":[{"embeddable":true,"href":"https:\/\/ger.amaruq-chimo.eu\/index.php?rest_route=\/wp\/v2\/users\/2"}],"replies":[{"embeddable":true,"href":"https:\/\/ger.amaruq-chimo.eu\/index.php?rest_route=%2Fwp%2Fv2%2Fcomments&post=3176"}],"version-history":[{"count":17,"href":"https:\/\/ger.amaruq-chimo.eu\/index.php?rest_route=\/wp\/v2\/pages\/3176\/revisions"}],"predecessor-version":[{"id":6671,"href":"https:\/\/ger.amaruq-chimo.eu\/index.php?rest_route=\/wp\/v2\/pages\/3176\/revisions\/6671"}],"wp:attachment":[{"href":"https:\/\/ger.amaruq-chimo.eu\/index.php?rest_route=%2Fwp%2Fv2%2Fmedia&parent=3176"}],"curies":[{"name":"wp","href":"https:\/\/api.w.org\/{rel}","templated":true}]}}