{"id":19,"date":"2009-10-01T21:21:35","date_gmt":"2009-10-01T21:21:35","guid":{"rendered":"http:\/\/amaruq-chimo.com\/?page_id=19"},"modified":"2013-07-09T16:00:49","modified_gmt":"2013-07-09T15:00:49","slug":"bemutatkozas","status":"publish","type":"page","link":"https:\/\/ger.amaruq-chimo.eu\/?page_id=19","title":{"rendered":"Einf\u00fchrung"},"content":{"rendered":"<p><img loading=\"lazy\" decoding=\"async\" class=\"alignright size-full wp-image-287\" title=\"CACIB (4)\" alt=\"CACIB (4)\" src=\"https:\/\/hun.amaruq-chimo.eu\/wp-content\/CACIB-4.jpg\" width=\"305\" height=\"603\" srcset=\"https:\/\/ger.amaruq-chimo.eu\/wp-content\/CACIB-4.jpg 305w, https:\/\/ger.amaruq-chimo.eu\/wp-content\/CACIB-4-151x300.jpg 151w\" sizes=\"auto, (max-width: 305px) 100vw, 305px\" \/>Mein name:<strong> Erika Nagy<br \/>\n<\/strong><\/p>\n<p>Seit meiner Kindheit Fan von den Hunden, sondern nur im Alte 21 erreich, da\u00df ich einen Hund zu kaufen. Der erste Hund war ein schottischer Sch\u00e4ferh\u00fcndin. Leider strab er Krebs<img decoding=\"async\" alt=\"\" src=\"file:\/\/\/C:\/DOCUME%7E1\/Erika\/LOCALS%7E1\/Temp\/moz-screenshot.png\" \/>, Lettisch, und.<\/p>\n<p>K\u00f6nnte ich nicht leben, ohne einen Hund. Innerhalb von zwei wochen ging ein schwarzer R\u00fcde Neufundland Kind nach Hause. Sher gl\u00fcckliche Jahre verbrachte ich mit ihm. Regelm\u00e4\u00dfig besuchen Ausstellungen. Nach dem Verlust nicht m\u00f6glich war, einen Hund zu halten. Bewohner bewegen sich im Jahr 2006, hat einen gro\u00dfeb Garten wurde.\u00a0 Von nun ist mein Traum, der Do-Khyi, Lettisch Realit\u00e4t zu halten.Unsere Zwinger ist noch jung, da im Jahr 2007 kaufte ich eine r\u00fcden und zwei h\u00fcndinnen Welpen, Hunde verschiedener z\u00fcchtern. \u00a0Hunde Performance, Aussehen sch\u00f6nsten und wundervollen Charakter ermutigt, diese Vielfalt zu kultivieren.<\/p>\n<p><img loading=\"lazy\" decoding=\"async\" class=\"alignleft size-full wp-image-288\" title=\"2009_09270082\" alt=\"2009_09270082\" src=\"https:\/\/hun.amaruq-chimo.eu\/wp-content\/2009_09270082.jpg\" width=\"753\" height=\"458\" srcset=\"https:\/\/ger.amaruq-chimo.eu\/wp-content\/2009_09270082.jpg 753w, https:\/\/ger.amaruq-chimo.eu\/wp-content\/2009_09270082-300x182.jpg 300w\" sizes=\"auto, (max-width: 753px) 100vw, 753px\" \/><\/p>\n<p>Der prim\u00e4re Aspekt der Vollkommenheit.<\/p>\n<p>&nbsp;<\/p>\n<p>Ich bem\u00fche mich, ein gutes Nervensystem gesund und High-Performance darstellen Zwinger Hunde.<\/p>\n<p>&nbsp;<\/p>\n","protected":false},"excerpt":{"rendered":"<p>Mein name: Erika Nagy Seit meiner Kindheit Fan von den Hunden, sondern nur im Alte 21 erreich, da\u00df ich einen Hund zu kaufen. Der erste Hund war ein schottischer Sch\u00e4ferh\u00fcndin. Leider strab er Krebs, Lettisch, und. K\u00f6nnte ich nicht leben, ohne einen Hund. Innerhalb von zwei wochen ging ein schwarzer R\u00fcde Neufundland Kind nach Hause. [&hellip;]<\/p>\n","protected":false},"author":2,"featured_media":0,"parent":0,"menu_order":5,"comment_status":"open","ping_status":"open","template":"","meta":{"ngg_post_thumbnail":0,"footnotes":""},"class_list":["post-19","page","type-page","status-publish","hentry"],"_links":{"self":[{"href":"https:\/\/ger.amaruq-chimo.eu\/index.php?rest_route=\/wp\/v2\/pages\/19","targetHints":{"allow":["GET"]}}],"collection":[{"href":"https:\/\/ger.amaruq-chimo.eu\/index.php?rest_route=\/wp\/v2\/pages"}],"about":[{"href":"https:\/\/ger.amaruq-chimo.eu\/index.php?rest_route=\/wp\/v2\/types\/page"}],"author":[{"embeddable":true,"href":"https:\/\/ger.amaruq-chimo.eu\/index.php?rest_route=\/wp\/v2\/users\/2"}],"replies":[{"embeddable":true,"href":"https:\/\/ger.amaruq-chimo.eu\/index.php?rest_route=%2Fwp%2Fv2%2Fcomments&post=19"}],"version-history":[{"count":15,"href":"https:\/\/ger.amaruq-chimo.eu\/index.php?rest_route=\/wp\/v2\/pages\/19\/revisions"}],"predecessor-version":[{"id":356,"href":"https:\/\/ger.amaruq-chimo.eu\/index.php?rest_route=\/wp\/v2\/pages\/19\/revisions\/356"}],"wp:attachment":[{"href":"https:\/\/ger.amaruq-chimo.eu\/index.php?rest_route=%2Fwp%2Fv2%2Fmedia&parent=19"}],"curies":[{"name":"wp","href":"https:\/\/api.w.org\/{rel}","templated":true}]}}